{"id":3,"date":"2025-03-05T14:23:41","date_gmt":"2025-03-05T14:23:41","guid":{"rendered":"http:\/\/isa-clean.com\/?page_id=3"},"modified":"2025-08-11T19:33:24","modified_gmt":"2025-08-11T19:33:24","slug":"politique-de-confidentialite-et-cookies","status":"publish","type":"page","link":"https:\/\/isa-clean.com\/pt\/politique-de-confidentialite-et-cookies\/","title":{"rendered":"Pol\u00edtica de Privacidade e Cookies"},"content":{"rendered":"<div data-elementor-type=\"wp-page\" data-elementor-id=\"3\" class=\"elementor elementor-3\" data-elementor-post-type=\"page\">\n\t\t\t\t<div class=\"elementor-element elementor-element-bd4b999 e-flex e-con-boxed e-con e-parent\" data-id=\"bd4b999\" data-element_type=\"container\" data-e-type=\"container\">\n\t\t\t\t\t<div class=\"e-con-inner\">\n\t\t\t\t<div class=\"elementor-element elementor-element-8700722 elementor-widget elementor-widget-heading\" data-id=\"8700722\" data-element_type=\"widget\" data-e-type=\"widget\" data-widget_type=\"heading.default\">\n\t\t\t\t<div class=\"elementor-widget-container\">\n\t\t\t\t\t<h2 class=\"elementor-heading-title elementor-size-default\">Pol\u00edtica de Privacidade e Cookies<\/h2>\t\t\t\t<\/div>\n\t\t\t\t<\/div>\n\t\t\t\t<div class=\"elementor-element elementor-element-e3dc352 elementor-widget elementor-widget-heading\" data-id=\"e3dc352\" data-element_type=\"widget\" data-e-type=\"widget\" data-widget_type=\"heading.default\">\n\t\t\t\t<div class=\"elementor-widget-container\">\n\t\t\t\t\t<h2 class=\"elementor-heading-title elementor-size-default\">\u00c2mbito de aplica\u00e7\u00e3o<\/h2>\t\t\t\t<\/div>\n\t\t\t\t<\/div>\n\t\t\t\t<div class=\"elementor-element elementor-element-638db70 elementor-widget elementor-widget-text-editor\" data-id=\"638db70\" data-element_type=\"widget\" data-e-type=\"widget\" data-widget_type=\"text-editor.default\">\n\t\t\t\t<div class=\"elementor-widget-container\">\n\t\t\t\t\t\t\t\t\t<p data-start=\"89\" data-end=\"480\">A Isa Clean respeita e protege a sua privacidade. Esta Pol\u00edtica de Privacidade e Cookies descreve como coletamos, usamos, armazenamos e protegemos os dados pessoais dos visitantes do nosso site <a class=\"\" href=\"https:\/\/isa-clean.com\/pt\/\" target=\"_new\" rel=\"noopener\" data-start=\"345\" data-end=\"391\">https:\/\/isa-clean.com<\/a>, em conformidade com o Regulamento Geral sobre a Prote\u00e7\u00e3o de Dados (RGPD \u2013 UE 2016\/679).<\/p>\n<p data-start=\"482\" data-end=\"615\">Esta pol\u00edtica se aplica somente ao nosso site e n\u00e3o a sites de terceiros que podem ser referenciados ou acessados por meio de links.<\/p>\t\t\t\t\t\t\t\t<\/div>\n\t\t\t\t<\/div>\n\t\t\t\t<div class=\"elementor-element elementor-element-f92af42 elementor-widget elementor-widget-heading\" data-id=\"f92af42\" data-element_type=\"widget\" data-e-type=\"widget\" data-widget_type=\"heading.default\">\n\t\t\t\t<div class=\"elementor-widget-container\">\n\t\t\t\t\t<h2 class=\"elementor-heading-title elementor-size-default\">Gerente de Processamento de Dados<\/h2>\t\t\t\t<\/div>\n\t\t\t\t<\/div>\n\t\t\t\t<div class=\"elementor-element elementor-element-01f8f81 elementor-widget elementor-widget-text-editor\" data-id=\"01f8f81\" data-element_type=\"widget\" data-e-type=\"widget\" data-widget_type=\"text-editor.default\">\n\t\t\t\t<div class=\"elementor-widget-container\">\n\t\t\t\t\t\t\t\t\t<p data-start=\"89\" data-end=\"480\"><strong>Isa Clean<\/strong><br data-start=\"670\" data-end=\"673\" \/><strong>Endere\u00e7o:<\/strong> 3, place Fran\u00e7ois-Joseph D\u2019argent, L-1413 Luxembourg<br data-start=\"735\" data-end=\"738\" \/><strong>E-mail :<\/strong> <a class=\"cursor-pointer\" rel=\"noopener\" data-start=\"747\" data-end=\"765\">info@isa-clean.com<\/a><br data-start=\"765\" data-end=\"768\" \/><strong>Site:<\/strong> <a class=\"\" href=\"https:\/\/isa-clean.com\/pt\/\" target=\"_new\" rel=\"noopener\" data-start=\"779\" data-end=\"825\">https:\/\/isa-clean.com<\/a><br data-start=\"825\" data-end=\"828\" \/><strong>Telefone<\/strong> +352 661 662 103<\/p>\t\t\t\t\t\t\t\t<\/div>\n\t\t\t\t<\/div>\n\t\t\t\t<div class=\"elementor-element elementor-element-120a54b elementor-widget elementor-widget-heading\" data-id=\"120a54b\" data-element_type=\"widget\" data-e-type=\"widget\" data-widget_type=\"heading.default\">\n\t\t\t\t<div class=\"elementor-widget-container\">\n\t\t\t\t\t<h2 class=\"elementor-heading-title elementor-size-default\">Coleta e processamento de dados pessoais<\/h2>\t\t\t\t<\/div>\n\t\t\t\t<\/div>\n\t\t\t\t<div class=\"elementor-element elementor-element-79ddd79 elementor-widget elementor-widget-text-editor\" data-id=\"79ddd79\" data-element_type=\"widget\" data-e-type=\"widget\" data-widget_type=\"text-editor.default\">\n\t\t\t\t<div class=\"elementor-widget-container\">\n\t\t\t\t\t\t\t\t\t<p data-start=\"860\" data-end=\"990\">Os dados pessoais podem ser coletados pelos seguintes meios:<\/p>\n<ul data-start=\"992\" data-end=\"1280\">\n<li data-start=\"992\" data-end=\"1052\">\n<p data-start=\"994\" data-end=\"1052\">Formul\u00e1rio de contato: nome, e-mail, telefone, mensagem.<\/p>\n<\/li>\n<li data-start=\"1053\" data-end=\"1136\">\n<p data-start=\"1055\" data-end=\"1136\">Solicita\u00e7\u00f5es de or\u00e7amento: informa\u00e7\u00f5es sobre o tipo de servi\u00e7o solicitado e detalhes de contato.<\/p>\n<\/li>\n<li data-start=\"1137\" data-end=\"1280\">\n<p data-start=\"1139\" data-end=\"1280\">Cookies e dados de navega\u00e7\u00e3o: endere\u00e7o IP, tipo de navegador, p\u00e1ginas visitadas, localiza\u00e7\u00e3o aproximada, dura\u00e7\u00e3o da visita ao site.<\/p>\n<\/li>\n<\/ul>\n<p data-start=\"1282\" data-end=\"1323\">Esses dados s\u00e3o processados com base em:<\/p>\n<ul data-start=\"1325\" data-end=\"1560\">\n<li data-start=\"1325\" data-end=\"1381\">\n<p data-start=\"1327\" data-end=\"1381\">O consentimento expresso do interessado;<\/p>\n<\/li>\n<li data-start=\"1382\" data-end=\"1447\">\n<p data-start=\"1384\" data-end=\"1447\">Da execu\u00e7\u00e3o de um contrato ou de dilig\u00eancias pr\u00e9-contratuais;<\/p>\n<\/li>\n<li data-start=\"1448\" data-end=\"1477\">\n<p data-start=\"1450\" data-end=\"1477\">De uma obriga\u00e7\u00e3o legal;<\/p>\n<\/li>\n<li data-start=\"1478\" data-end=\"1560\">\n<p data-start=\"1480\" data-end=\"1560\">De interesse leg\u00edtimo (por exemplo, seguran\u00e7a, melhoria de servi\u00e7o, estat\u00edsticas).<\/p>\n<\/li>\n<\/ul>\t\t\t\t\t\t\t\t<\/div>\n\t\t\t\t<\/div>\n\t\t\t\t<div class=\"elementor-element elementor-element-0466f80 elementor-widget elementor-widget-heading\" data-id=\"0466f80\" data-element_type=\"widget\" data-e-type=\"widget\" data-widget_type=\"heading.default\">\n\t\t\t\t<div class=\"elementor-widget-container\">\n\t\t\t\t\t<h2 class=\"elementor-heading-title elementor-size-default\">Finalidades do Processamento<\/h2>\t\t\t\t<\/div>\n\t\t\t\t<\/div>\n\t\t\t\t<div class=\"elementor-element elementor-element-b30ddb7 elementor-widget elementor-widget-text-editor\" data-id=\"b30ddb7\" data-element_type=\"widget\" data-e-type=\"widget\" data-widget_type=\"text-editor.default\">\n\t\t\t\t<div class=\"elementor-widget-container\">\n\t\t\t\t\t\t\t\t\t<p data-start=\"1562\" data-end=\"1638\">Os dados coletados s\u00e3o utilizados para:<\/p>\n<ul data-start=\"1640\" data-end=\"1936\">\n<li data-start=\"1640\" data-end=\"1690\">\n<p data-start=\"1642\" data-end=\"1690\">Responder a solicita\u00e7\u00f5es de contato ou cota\u00e7\u00e3o;<\/p>\n<\/li>\n<li data-start=\"1691\" data-end=\"1792\">\n<p data-start=\"1693\" data-end=\"1792\">Enviar informa\u00e7\u00f5es sobre nossos servi\u00e7os, promo\u00e7\u00f5es ou novidades (quando permitido);<\/p>\n<\/li>\n<li data-start=\"1793\" data-end=\"1876\">\n<p data-start=\"1795\" data-end=\"1876\">Analisar estat\u00edsticas de navega\u00e7\u00e3o e melhorar a experi\u00eancia do usu\u00e1rio;<\/p>\n<\/li>\n<li data-start=\"1877\" data-end=\"1936\">\n<p data-start=\"1879\" data-end=\"1936\">Cumprir obriga\u00e7\u00f5es legais e regulamentares.<\/p>\n<\/li>\n<\/ul>\t\t\t\t\t\t\t\t<\/div>\n\t\t\t\t<\/div>\n\t\t\t\t<div class=\"elementor-element elementor-element-2da2b6d elementor-widget elementor-widget-heading\" data-id=\"2da2b6d\" data-element_type=\"widget\" data-e-type=\"widget\" data-widget_type=\"heading.default\">\n\t\t\t\t<div class=\"elementor-widget-container\">\n\t\t\t\t\t<h2 class=\"elementor-heading-title elementor-size-default\">Reten\u00e7\u00e3o de dados<\/h2>\t\t\t\t<\/div>\n\t\t\t\t<\/div>\n\t\t\t\t<div class=\"elementor-element elementor-element-55c984a elementor-widget elementor-widget-text-editor\" data-id=\"55c984a\" data-element_type=\"widget\" data-e-type=\"widget\" data-widget_type=\"text-editor.default\">\n\t\t\t\t<div class=\"elementor-widget-container\">\n\t\t\t\t\t\t\t\t\t<p data-start=\"1562\" data-end=\"1638\">Os dados pessoais s\u00e3o conservados apenas pelo per\u00edodo necess\u00e1rio \u00e0 prossecu\u00e7\u00e3o das finalidades mencionadas ou de acordo com as exig\u00eancias legais.<\/p>\t\t\t\t\t\t\t\t<\/div>\n\t\t\t\t<\/div>\n\t\t\t\t<div class=\"elementor-element elementor-element-cd41730 elementor-widget elementor-widget-heading\" data-id=\"cd41730\" data-element_type=\"widget\" data-e-type=\"widget\" data-widget_type=\"heading.default\">\n\t\t\t\t<div class=\"elementor-widget-container\">\n\t\t\t\t\t<h2 class=\"elementor-heading-title elementor-size-default\">Direitos do Titular dos Dados<\/h2>\t\t\t\t<\/div>\n\t\t\t\t<\/div>\n\t\t\t\t<div class=\"elementor-element elementor-element-fa8638a elementor-widget elementor-widget-text-editor\" data-id=\"fa8638a\" data-element_type=\"widget\" data-e-type=\"widget\" data-widget_type=\"text-editor.default\">\n\t\t\t\t<div class=\"elementor-widget-container\">\n\t\t\t\t\t\t\t\t\t<p data-start=\"2134\" data-end=\"2231\">De acordo com o GDPR, voc\u00ea tem os seguintes direitos:<\/p>\n<ul data-start=\"2233\" data-end=\"2547\">\n<li data-start=\"2233\" data-end=\"2273\">\n<p data-start=\"2235\" data-end=\"2273\">Acessar seus dados pessoais;<\/p>\n<\/li>\n<li data-start=\"2274\" data-end=\"2334\">\n<p data-start=\"2276\" data-end=\"2334\">Corrigir ou atualizar informa\u00e7\u00f5es incorretas;<\/p>\n<\/li>\n<li data-start=\"2335\" data-end=\"2397\">\n<p data-start=\"2337\" data-end=\"2397\">Solicitar a elimina\u00e7\u00e3o dos seus dados (direito ao esquecimento);<\/p>\n<\/li>\n<li data-start=\"2398\" data-end=\"2456\">\n<p data-start=\"2400\" data-end=\"2456\">Limitar ou opor-se ao processamento dos seus dados;<\/p>\n<\/li>\n<li data-start=\"2457\" data-end=\"2503\">\n<p data-start=\"2459\" data-end=\"2503\">Retirar seu consentimento a qualquer momento;<\/p>\n<\/li>\n<li data-start=\"2504\" data-end=\"2547\">\n<p data-start=\"2506\" data-end=\"2547\">Solicite a portabilidade dos seus dados.<\/p>\n<\/li>\n<\/ul>\n<p data-start=\"2549\" data-end=\"2622\">Para exercer seus direitos, entre em contato conosco pelo e-mail: <a class=\"cursor-pointer\" rel=\"noopener\" data-start=\"2602\" data-end=\"2620\">info@isa-clean.com<\/a><\/p>\t\t\t\t\t\t\t\t<\/div>\n\t\t\t\t<\/div>\n\t\t\t\t<div class=\"elementor-element elementor-element-3843a8a elementor-widget elementor-widget-heading\" data-id=\"3843a8a\" data-element_type=\"widget\" data-e-type=\"widget\" data-widget_type=\"heading.default\">\n\t\t\t\t<div class=\"elementor-widget-container\">\n\t\t\t\t\t<h2 class=\"elementor-heading-title elementor-size-default\">Seguran\u00e7a e Confidencialidade<\/h2>\t\t\t\t<\/div>\n\t\t\t\t<\/div>\n\t\t\t\t<div class=\"elementor-element elementor-element-57c7de1 elementor-widget elementor-widget-text-editor\" data-id=\"57c7de1\" data-element_type=\"widget\" data-e-type=\"widget\" data-widget_type=\"text-editor.default\">\n\t\t\t\t<div class=\"elementor-widget-container\">\n\t\t\t\t\t\t\t\t\t<p data-start=\"2624\" data-end=\"2851\">Implementamos medidas t\u00e9cnicas e organizacionais apropriadas para proteger seus dados pessoais contra acesso n\u00e3o autorizado, perda, altera\u00e7\u00e3o ou divulga\u00e7\u00e3o indevida.<\/p>\n<p data-start=\"2853\" data-end=\"3018\">No entanto, lembramos que nenhuma transmiss\u00e3o de dados pela internet \u00e9 totalmente segura. Portanto, n\u00e3o podemos garantir seguran\u00e7a absoluta.<\/p>\t\t\t\t\t\t\t\t<\/div>\n\t\t\t\t<\/div>\n\t\t\t\t<div class=\"elementor-element elementor-element-3292e88 elementor-widget elementor-widget-heading\" data-id=\"3292e88\" data-element_type=\"widget\" data-e-type=\"widget\" data-widget_type=\"heading.default\">\n\t\t\t\t<div class=\"elementor-widget-container\">\n\t\t\t\t\t<h2 class=\"elementor-heading-title elementor-size-default\">Pol\u00edtica de Cookies<\/h2>\t\t\t\t<\/div>\n\t\t\t\t<\/div>\n\t\t\t\t<div class=\"elementor-element elementor-element-f2b8058 elementor-widget elementor-widget-heading\" data-id=\"f2b8058\" data-element_type=\"widget\" data-e-type=\"widget\" data-widget_type=\"heading.default\">\n\t\t\t\t<div class=\"elementor-widget-container\">\n\t\t\t\t\t<h2 class=\"elementor-heading-title elementor-size-default\">O que \u00e9 um cookie?<\/h2>\t\t\t\t<\/div>\n\t\t\t\t<\/div>\n\t\t\t\t<div class=\"elementor-element elementor-element-299316a elementor-widget elementor-widget-text-editor\" data-id=\"299316a\" data-element_type=\"widget\" data-e-type=\"widget\" data-widget_type=\"text-editor.default\">\n\t\t\t\t<div class=\"elementor-widget-container\">\n\t\t\t\t\t\t\t\t\t<p data-start=\"2624\" data-end=\"2851\">Cookies s\u00e3o pequenos arquivos armazenados no seu navegador que ajudam a melhorar a experi\u00eancia do usu\u00e1rio, lembrar suas prefer\u00eancias e coletar dados estat\u00edsticos.<\/p>\t\t\t\t\t\t\t\t<\/div>\n\t\t\t\t<\/div>\n\t\t\t\t<div class=\"elementor-element elementor-element-471db01 elementor-widget elementor-widget-heading\" data-id=\"471db01\" data-element_type=\"widget\" data-e-type=\"widget\" data-widget_type=\"heading.default\">\n\t\t\t\t<div class=\"elementor-widget-container\">\n\t\t\t\t\t<h2 class=\"elementor-heading-title elementor-size-default\">Tipos de cookies utilizados:<\/h2>\t\t\t\t<\/div>\n\t\t\t\t<\/div>\n\t\t\t\t<div class=\"elementor-element elementor-element-46c1b9e elementor-widget elementor-widget-text-editor\" data-id=\"46c1b9e\" data-element_type=\"widget\" data-e-type=\"widget\" data-widget_type=\"text-editor.default\">\n\t\t\t\t<div class=\"elementor-widget-container\">\n\t\t\t\t\t\t\t\t\t<ul>\n<li data-start=\"3306\" data-end=\"3362\">\n<p data-start=\"3308\" data-end=\"3362\">Essencial: necess\u00e1rio para o funcionamento do site;<\/p>\n<\/li>\n<li data-start=\"3363\" data-end=\"3461\">\n<p data-start=\"3365\" data-end=\"3461\">An\u00e1lise: coletar dados estat\u00edsticos sobre navega\u00e7\u00e3o (ex.: Google Analytics);<\/p>\n<\/li>\n<li data-start=\"3462\" data-end=\"3526\">\n<p data-start=\"3464\" data-end=\"3526\">Funcional: lembrar as prefer\u00eancias do usu\u00e1rio;<\/p>\n<\/li>\n<li data-start=\"3527\" data-end=\"3603\">\n<p data-start=\"3529\" data-end=\"3603\">Marketing: Usado para personalizar an\u00fancios (se aplic\u00e1vel).<\/p>\n<\/li>\n<\/ul>\t\t\t\t\t\t\t\t<\/div>\n\t\t\t\t<\/div>\n\t\t\t\t<div class=\"elementor-element elementor-element-7d82a81 elementor-widget elementor-widget-heading\" data-id=\"7d82a81\" data-element_type=\"widget\" data-e-type=\"widget\" data-widget_type=\"heading.default\">\n\t\t\t\t<div class=\"elementor-widget-container\">\n\t\t\t\t\t<h2 class=\"elementor-heading-title elementor-size-default\">Consentimento<\/h2>\t\t\t\t<\/div>\n\t\t\t\t<\/div>\n\t\t\t\t<div class=\"elementor-element elementor-element-a2e16b5 elementor-widget elementor-widget-text-editor\" data-id=\"a2e16b5\" data-element_type=\"widget\" data-e-type=\"widget\" data-widget_type=\"text-editor.default\">\n\t\t\t\t<div class=\"elementor-widget-container\">\n\t\t\t\t\t\t\t\t\t<p data-start=\"3605\" data-end=\"3745\">Ao visitar nosso site pela primeira vez, um banner com informa\u00e7\u00f5es sobre cookies ser\u00e1 exibido. Voc\u00ea poder\u00e1 ent\u00e3o:<\/p>\n<ul data-start=\"3747\" data-end=\"3846\">\n<li data-start=\"3747\" data-end=\"3778\">\n<p data-start=\"3749\" data-end=\"3778\">Aceitar todos os cookies;<\/p>\n<\/li>\n<li data-start=\"3779\" data-end=\"3819\">\n<p data-start=\"3781\" data-end=\"3819\">Recusar cookies n\u00e3o essenciais;<\/p>\n<\/li>\n<li data-start=\"3820\" data-end=\"3846\">\n<p data-start=\"3822\" data-end=\"3846\">Gerencie suas prefer\u00eancias.<\/p>\n<\/li>\n<\/ul>\n<p data-start=\"3848\" data-end=\"3942\">Voc\u00ea tamb\u00e9m pode gerenciar cookies diretamente nas configura\u00e7\u00f5es do seu navegador.<\/p>\t\t\t\t\t\t\t\t<\/div>\n\t\t\t\t<\/div>\n\t\t\t\t<div class=\"elementor-element elementor-element-c4fc655 elementor-widget elementor-widget-heading\" data-id=\"c4fc655\" data-element_type=\"widget\" data-e-type=\"widget\" data-widget_type=\"heading.default\">\n\t\t\t\t<div class=\"elementor-widget-container\">\n\t\t\t\t\t<h2 class=\"elementor-heading-title elementor-size-default\">Cookies de terceiros<\/h2>\t\t\t\t<\/div>\n\t\t\t\t<\/div>\n\t\t\t\t<div class=\"elementor-element elementor-element-9fdb8c7 elementor-widget elementor-widget-text-editor\" data-id=\"9fdb8c7\" data-element_type=\"widget\" data-e-type=\"widget\" data-widget_type=\"text-editor.default\">\n\t\t\t\t<div class=\"elementor-widget-container\">\n\t\t\t\t\t\t\t\t\t<p data-start=\"3605\" data-end=\"3745\">Podemos utilizar servi\u00e7os de terceiros (por exemplo, Google, Meta\/Facebook, YouTube) que podem colocar cookies no seu navegador. Convidamos voc\u00ea a consultar as respectivas pol\u00edticas de privacidade.<\/p>\t\t\t\t\t\t\t\t<\/div>\n\t\t\t\t<\/div>\n\t\t\t\t<div class=\"elementor-element elementor-element-a32b057 elementor-widget elementor-widget-heading\" data-id=\"a32b057\" data-element_type=\"widget\" data-e-type=\"widget\" data-widget_type=\"heading.default\">\n\t\t\t\t<div class=\"elementor-widget-container\">\n\t\t\t\t\t<h2 class=\"elementor-heading-title elementor-size-default\">Altera\u00e7\u00f5es a esta Pol\u00edtica<\/h2>\t\t\t\t<\/div>\n\t\t\t\t<\/div>\n\t\t\t\t<div class=\"elementor-element elementor-element-54b6ccd elementor-widget elementor-widget-text-editor\" data-id=\"54b6ccd\" data-element_type=\"widget\" data-e-type=\"widget\" data-widget_type=\"text-editor.default\">\n\t\t\t\t<div class=\"elementor-widget-container\">\n\t\t\t\t\t\t\t\t\t<p data-start=\"4188\" data-end=\"4426\">Reservamo-nos o direito de atualizar esta Pol\u00edtica de Privacidade e Cookies a qualquer momento. Quaisquer altera\u00e7\u00f5es ser\u00e3o publicadas nesta p\u00e1gina com a data de revis\u00e3o atualizada.<\/p>\n<p data-start=\"4428\" data-end=\"4479\"><strong data-start=\"4428\" data-end=\"4454\">\u00daltima atualiza\u00e7\u00e3o:<\/strong> Luxemburgo, 11\/08\/2025<\/p>\t\t\t\t\t\t\t\t<\/div>\n\t\t\t\t<\/div>\n\t\t\t\t\t<\/div>\n\t\t\t\t<\/div>\n\t\t\t\t<\/div>","protected":false},"excerpt":{"rendered":"<p>Politique de Confidentialit\u00e9 et Cookies Champ d\u2019application Isa Clean respecte et prot\u00e8ge votre vie priv\u00e9e. La pr\u00e9sente Politique de Confidentialit\u00e9 [&hellip;]<\/p>","protected":false},"author":1,"featured_media":0,"parent":0,"menu_order":0,"comment_status":"closed","ping_status":"closed","template":"","meta":{"site-sidebar-layout":"default","site-content-layout":"","ast-site-content-layout":"default","site-content-style":"default","site-sidebar-style":"default","ast-global-header-display":"","ast-banner-title-visibility":"","ast-main-header-display":"","ast-hfb-above-header-display":"","ast-hfb-below-header-display":"","ast-hfb-mobile-header-display":"","site-post-title":"","ast-breadcrumbs-content":"","ast-featured-img":"","footer-sml-layout":"","ast-disable-related-posts":"","theme-transparent-header-meta":"","adv-header-id-meta":"","stick-header-meta":"","header-above-stick-meta":"","header-main-stick-meta":"","header-below-stick-meta":"","astra-migrate-meta-layouts":"default","ast-page-background-enabled":"default","ast-page-background-meta":{"desktop":{"background-color":"var(--ast-global-color-5)","background-image":"","background-repeat":"repeat","background-position":"center center","background-size":"auto","background-attachment":"scroll","background-type":"","background-media":"","overlay-type":"","overlay-color":"","overlay-opacity":"","overlay-gradient":""},"tablet":{"background-color":"","background-image":"","background-repeat":"repeat","background-position":"center center","background-size":"auto","background-attachment":"scroll","background-type":"","background-media":"","overlay-type":"","overlay-color":"","overlay-opacity":"","overlay-gradient":""},"mobile":{"background-color":"","background-image":"","background-repeat":"repeat","background-position":"center center","background-size":"auto","background-attachment":"scroll","background-type":"","background-media":"","overlay-type":"","overlay-color":"","overlay-opacity":"","overlay-gradient":""}},"ast-content-background-meta":{"desktop":{"background-color":"var(--ast-global-color-4)","background-image":"","background-repeat":"repeat","background-position":"center center","background-size":"auto","background-attachment":"scroll","background-type":"","background-media":"","overlay-type":"","overlay-color":"","overlay-opacity":"","overlay-gradient":""},"tablet":{"background-color":"var(--ast-global-color-4)","background-image":"","background-repeat":"repeat","background-position":"center center","background-size":"auto","background-attachment":"scroll","background-type":"","background-media":"","overlay-type":"","overlay-color":"","overlay-opacity":"","overlay-gradient":""},"mobile":{"background-color":"var(--ast-global-color-4)","background-image":"","background-repeat":"repeat","background-position":"center center","background-size":"auto","background-attachment":"scroll","background-type":"","background-media":"","overlay-type":"","overlay-color":"","overlay-opacity":"","overlay-gradient":""}},"footnotes":""},"class_list":["post-3","page","type-page","status-publish","hentry"],"_links":{"self":[{"href":"https:\/\/isa-clean.com\/pt\/wp-json\/wp\/v2\/pages\/3","targetHints":{"allow":["GET"]}}],"collection":[{"href":"https:\/\/isa-clean.com\/pt\/wp-json\/wp\/v2\/pages"}],"about":[{"href":"https:\/\/isa-clean.com\/pt\/wp-json\/wp\/v2\/types\/page"}],"author":[{"embeddable":true,"href":"https:\/\/isa-clean.com\/pt\/wp-json\/wp\/v2\/users\/1"}],"replies":[{"embeddable":true,"href":"https:\/\/isa-clean.com\/pt\/wp-json\/wp\/v2\/comments?post=3"}],"version-history":[{"count":31,"href":"https:\/\/isa-clean.com\/pt\/wp-json\/wp\/v2\/pages\/3\/revisions"}],"predecessor-version":[{"id":1331,"href":"https:\/\/isa-clean.com\/pt\/wp-json\/wp\/v2\/pages\/3\/revisions\/1331"}],"wp:attachment":[{"href":"https:\/\/isa-clean.com\/pt\/wp-json\/wp\/v2\/media?parent=3"}],"curies":[{"name":"wp","href":"https:\/\/api.w.org\/{rel}","templated":true}]}}